{"id":153,"date":"2016-12-11T17:46:36","date_gmt":"2016-12-11T17:46:36","guid":{"rendered":"http:\/\/komornikpk.pl\/?page_id=153"},"modified":"2022-11-19T16:28:00","modified_gmt":"2022-11-19T16:28:00","slug":"kontakt","status":"publish","type":"page","link":"https:\/\/komornikpk.pl\/?page_id=153","title":{"rendered":"Kontakt"},"content":{"rendered":"<div style=\"float: left;\">\n<h2><strong><span style=\"color: #000000; font-weight: bold; font-size: 12pt; font-variant: small-caps;\">Kancelaria Komornicza w Lublinie<\/span><\/strong><\/h2>\n<p>ul. \u0141\u0119czy\u0144ska\u00a051 (budynek A)<br \/>\n20-313 Lublin<\/p>\n<hr \/>\n<h2><span style=\"color: #000000; font-weight: bold; font-size: 12pt; font-variant: small-caps;\">Kontakt<br \/>\n<\/span><\/h2>\n<p>tel. 81\u00a0745 27 74<br \/>\nemail: <a href=\"mailto:adres e-mail\">biuro@komornikpk.pl<\/a><\/p>\n<hr \/>\n<h2><strong><span style=\"color: #000000; font-weight: bold; font-size: 12pt; font-variant: small-caps;\">Nr konta\u00a0bankowego<\/span><\/strong><\/h2>\n<p>29 1600 1462 1836 2053 0000 0001<\/p>\n<p><strong><span style=\"color: #000000; font-weight: bold; font-size: 12pt; font-variant: small-caps;\">Regon:\u00a0<\/span><\/strong>350645154<br \/>\n<strong><span style=\"color: #000000; font-weight: bold; font-size: 12pt; font-variant: small-caps;\">Nip:\u00a0<\/span><\/strong>676-010-70-89<\/p>\n<\/div>\n<div style=\"float: right;\"><iframe loading=\"lazy\" style=\"border: 0;\" src=\"https:\/\/www.google.com\/maps\/embed?pb=!1m14!1m8!1m3!1d1248.8855330880936!2d22.589242!3d51.241711!3m2!1i1024!2i768!4f13.1!3m3!1m2!1s0x472257184df2ccdd%3A0xcb0420bb56c2718c!2zxYHEmWN6ecWEc2thIDUxLCBMdWJsaW4sIFBvbHNrYQ!5e0!3m2!1spl!2spl!4v1481480801560\" width=\"600\" height=\"450\" frameborder=\"0\" allowfullscreen=\"allowfullscreen\"><\/iframe><\/div>\n","protected":false},"excerpt":{"rendered":"<p>Kancelaria Komornicza w Lublinie ul. \u0141\u0119czy\u0144ska\u00a051 (budynek A) 20-313 Lublin Kontakt tel. 81\u00a0745 27 74 email: biuro@komornikpk.pl Nr konta\u00a0bankowego 29 1600 1462 1836 2053 0000 0001 Regon:\u00a0350645154 Nip:\u00a0676-010-70-89<\/p>\n","protected":false},"author":2,"featured_media":0,"parent":0,"menu_order":0,"comment_status":"closed","ping_status":"closed","template":"","meta":{"footnotes":""},"class_list":["post-153","page","type-page","status-publish","hentry"],"_links":{"self":[{"href":"https:\/\/komornikpk.pl\/index.php?rest_route=\/wp\/v2\/pages\/153","targetHints":{"allow":["GET"]}}],"collection":[{"href":"https:\/\/komornikpk.pl\/index.php?rest_route=\/wp\/v2\/pages"}],"about":[{"href":"https:\/\/komornikpk.pl\/index.php?rest_route=\/wp\/v2\/types\/page"}],"author":[{"embeddable":true,"href":"https:\/\/komornikpk.pl\/index.php?rest_route=\/wp\/v2\/users\/2"}],"replies":[{"embeddable":true,"href":"https:\/\/komornikpk.pl\/index.php?rest_route=%2Fwp%2Fv2%2Fcomments&post=153"}],"version-history":[{"count":11,"href":"https:\/\/komornikpk.pl\/index.php?rest_route=\/wp\/v2\/pages\/153\/revisions"}],"predecessor-version":[{"id":177,"href":"https:\/\/komornikpk.pl\/index.php?rest_route=\/wp\/v2\/pages\/153\/revisions\/177"}],"wp:attachment":[{"href":"https:\/\/komornikpk.pl\/index.php?rest_route=%2Fwp%2Fv2%2Fmedia&parent=153"}],"curies":[{"name":"wp","href":"https:\/\/api.w.org\/{rel}","templated":true}]}}