{"id":84,"date":"2016-12-09T22:57:45","date_gmt":"2016-12-09T22:57:45","guid":{"rendered":"http:\/\/komornikpk.pl\/?page_id=84"},"modified":"2016-12-11T17:32:23","modified_gmt":"2016-12-11T17:32:23","slug":"wnioski","status":"publish","type":"page","link":"https:\/\/komornikpk.pl\/?page_id=84","title":{"rendered":"Wnioski"},"content":{"rendered":"<h1><span style=\"color: #000000;font-weight: bold; font-size: 12pt;font-variant: small-caps\">Pliki do pobrania <\/span><\/h1>\n<hr \/>\n<p>W celu wszcz\u0119cia post\u0119powania egzekucyjnego nale\u017cy wype\u0142ni\u0107 wniosek o wszcz\u0119cie egzekucji i z\u0142o\u017cy\u0107 go wraz z orygina\u0142em tytu\u0142u wykonawczego w kancelarii komornika lub przes\u0142a\u0107 listem poleconym na adres kancelarii.<\/p>\n<hr \/>\n<div>\n<div style=\"float: left; width: 50%;\">\n<h3 class=\"lewy\"><a href=\"http:\/\/komornikpk.pl\/wp-content\/uploads\/2016\/12\/wniosek_km.pdf\">1. Wniosek o wszcz\u0119cie egzekucji<\/a><\/h3>\n<h3 class=\"prawy\"><a href=\"http:\/\/komornikpk.pl\/wp-content\/uploads\/2016\/12\/wniosek_kmp.pdf\">2. Wniosek o wszcz\u0119cie egzekucji aliment\u00f3w<\/a><\/h3>\n<h3 class=\"prawy\"><a href=\"http:\/\/komornikpk.pl\/wp-content\/uploads\/2016\/12\/wniosek-eksmisja.pdf\">3. Wniosek o wszcz\u0119cie egzekucji w celu wykonania eksmisji<\/a><\/h3>\n<\/div>\n<div style=\"float: right; width: 50%;\">\n<h3 class=\"prawy\"><a href=\"http:\/\/komornikpk.pl\/wp-content\/uploads\/2016\/12\/wniosek-poza-rewirem.pdf\">4. O\u015bwiadczenie wierzyciela o wyborze komornika<\/a><\/h3>\n<h3><a href=\"http:\/\/komornikpk.pl\/wp-content\/uploads\/2016\/12\/wniosek-poszukiwanie-maj\u0105tku.pdf\">5. wniosek-zlecenie poszukiwania maj\u0105tku d\u0142u\u017cnika<\/a><\/h3>\n<h3><a href=\"http:\/\/komornikpk.pl\/wp-content\/uploads\/2016\/12\/za\u015bwiadczenie.pdf\">6. Wniosek o wydanie za\u015bwiadczenia w post\u0119powaniu alimentacyjnym<\/a><\/h3>\n<\/div>\n<p>&nbsp;<\/p>\n<\/div>\n","protected":false},"excerpt":{"rendered":"<p>Pliki do pobrania W celu wszcz\u0119cia post\u0119powania egzekucyjnego nale\u017cy wype\u0142ni\u0107 wniosek o wszcz\u0119cie egzekucji i z\u0142o\u017cy\u0107 go wraz z orygina\u0142em tytu\u0142u wykonawczego w kancelarii komornika lub przes\u0142a\u0107 listem poleconym na adres kancelarii. 1. Wniosek o wszcz\u0119cie egzekucji 2. Wniosek o &hellip; <a href=\"https:\/\/komornikpk.pl\/?page_id=84\">Czytaj dalej <span class=\"meta-nav\">&rarr;<\/span><\/a><\/p>\n","protected":false},"author":2,"featured_media":0,"parent":0,"menu_order":0,"comment_status":"closed","ping_status":"closed","template":"","meta":{"footnotes":""},"class_list":["post-84","page","type-page","status-publish","hentry"],"_links":{"self":[{"href":"https:\/\/komornikpk.pl\/index.php?rest_route=\/wp\/v2\/pages\/84","targetHints":{"allow":["GET"]}}],"collection":[{"href":"https:\/\/komornikpk.pl\/index.php?rest_route=\/wp\/v2\/pages"}],"about":[{"href":"https:\/\/komornikpk.pl\/index.php?rest_route=\/wp\/v2\/types\/page"}],"author":[{"embeddable":true,"href":"https:\/\/komornikpk.pl\/index.php?rest_route=\/wp\/v2\/users\/2"}],"replies":[{"embeddable":true,"href":"https:\/\/komornikpk.pl\/index.php?rest_route=%2Fwp%2Fv2%2Fcomments&post=84"}],"version-history":[{"count":26,"href":"https:\/\/komornikpk.pl\/index.php?rest_route=\/wp\/v2\/pages\/84\/revisions"}],"predecessor-version":[{"id":150,"href":"https:\/\/komornikpk.pl\/index.php?rest_route=\/wp\/v2\/pages\/84\/revisions\/150"}],"wp:attachment":[{"href":"https:\/\/komornikpk.pl\/index.php?rest_route=%2Fwp%2Fv2%2Fmedia&parent=84"}],"curies":[{"name":"wp","href":"https:\/\/api.w.org\/{rel}","templated":true}]}}